{"id":52,"date":"2016-01-06T21:50:59","date_gmt":"2016-01-06T21:50:59","guid":{"rendered":"http:\/\/www.pyylampi.org\/portaali\/?page_id=52"},"modified":"2025-01-23T20:11:37","modified_gmt":"2025-01-23T18:11:37","slug":"rekisteriseloste","status":"publish","type":"page","link":"https:\/\/www.pyylampi.org\/portaali\/rekisteriseloste\/","title":{"rendered":"Rekisteriseloste"},"content":{"rendered":"<p class=\"MsoNormal\" style=\"mso-pagination: none; mso-layout-grid-align: none; text-autospace: none; margin: 0cm -.3pt .0001pt 326.0pt;\"><b><span lang=\"EN-US\" style=\"font-size: 14.0pt; mso-ansi-language: EN-US;\">\u00a0<\/span><\/b><\/p>\n<p class=\"MsoNormal\" style=\"margin-right: -.3pt; mso-pagination: none; tab-stops: 0cm 64.8pt 129.6pt 194.4pt 259.2pt 324.0pt 388.8pt 16.0cm; mso-layout-grid-align: none; text-autospace: none;\"><b><span lang=\"EN-US\" style=\"font-size: 12.0pt; mso-ansi-language: EN-US;\"> Henkil\u00f6tietolaki (523\/99) 10 \u00a7<\/span><\/b><\/p>\n<p class=\"MsoNormal\" style=\"margin-right: -.3pt; mso-pagination: none; tab-stops: 0cm 64.8pt 129.6pt 194.4pt center 240.95pt left 259.2pt 324.0pt 388.8pt 16.0cm right 481.9pt; mso-layout-grid-align: none; text-autospace: none;\"><b><span lang=\"EN-US\" style=\"font-size: 12.0pt; mso-ansi-language: EN-US;\">Laatimispvm:<\/span><\/b> <span lang=\"EN-US\" style=\"font-size: 12.0pt; mso-ansi-language: EN-US;\">26.2.2005\/3.1.2016<\/span><\/p>\n<table class=\"MsoNormalTable\" style=\"border-collapse: collapse; mso-table-layout-alt: fixed; border: none; mso-padding-alt: 0cm 5.4pt 0cm 5.4pt;\" border=\"1\" cellspacing=\"0\" cellpadding=\"0\">\n<tbody>\n<tr style=\"mso-yfti-irow: 0; mso-yfti-firstrow: yes;\">\n<td style=\"width: 142.05pt; border: solid windowtext 1.0pt; border-bottom: solid #BFBFBF 1.0pt; mso-border-alt: solid windowtext .75pt; mso-border-bottom-alt: solid #BFBFBF 1.0pt; padding: 0cm 5.4pt 0cm 5.4pt;\" valign=\"top\" width=\"142\">\n<p class=\"MsoNormal\" style=\"margin-right: -.3pt; mso-pagination: none; tab-stops: 0cm 64.8pt 129.6pt 194.4pt 259.2pt 324.0pt 388.8pt 16.0cm; mso-layout-grid-align: none; text-autospace: none;\"><span lang=\"EN-US\" style=\"font-size: 14.0pt; mso-ansi-language: EN-US;\">1. Rekisterinpit\u00e4j\u00e4:<\/span><\/p>\n<p class=\"MsoNormal\" style=\"mso-pagination: none; tab-stops: 0cm 64.8pt 129.6pt 194.4pt 259.2pt 324.0pt 388.8pt 16.0cm; mso-layout-grid-align: none; text-autospace: none; margin: 0cm -.3pt 2.9pt 0cm;\">\n<\/td>\n<td style=\"width: 368.25pt; border: solid windowtext 1.0pt; border-left: none; mso-border-left-alt: solid windowtext .75pt; mso-border-alt: solid windowtext .75pt; padding: 0cm 5.4pt 0cm 5.4pt;\" valign=\"top\" width=\"368\">\n<p class=\"MsoNormal\" style=\"mso-pagination: none; tab-stops: 0cm 64.8pt 129.6pt 194.4pt 259.2pt 324.0pt 388.8pt 16.0cm; mso-layout-grid-align: none; text-autospace: none; margin: 0cm -.3pt 2.9pt 0cm;\"><span lang=\"EN-US\" style=\"font-size: 14.0pt; mso-ansi-language: EN-US;\">Sukututkimus Jorma Lamminm\u00e4ki sek\u00e4<\/span><\/p>\n<p class=\"MsoNormal\" style=\"mso-pagination: none; tab-stops: 0cm 64.8pt 129.6pt 194.4pt 259.2pt 324.0pt 388.8pt 16.0cm; mso-layout-grid-align: none; text-autospace: none; margin: 0cm -.3pt 2.9pt 0cm;\"><span lang=\"EN-US\" style=\"font-size: 14.0pt; mso-ansi-language: EN-US;\">Alavuden Pyylammin sukuseura ry.<\/span><\/p>\n<\/td>\n<\/tr>\n<tr style=\"mso-yfti-irow: 1;\">\n<td style=\"width: 142.05pt; border-top: none; border-left: solid windowtext 1.0pt; border-bottom: solid #BFBFBF 1.0pt; border-right: solid windowtext 1.0pt; mso-border-top-alt: #BFBFBF 1.0pt; mso-border-left-alt: windowtext .75pt; mso-border-bottom-alt: #BFBFBF 1.0pt; mso-border-right-alt: windowtext .75pt; mso-border-style-alt: solid; padding: 0cm 5.4pt 0cm 5.4pt;\" valign=\"top\" width=\"142\">\n<p class=\"MsoNormal\" style=\"mso-pagination: none; tab-stops: 0cm 64.8pt 129.6pt 194.4pt 259.2pt 324.0pt 388.8pt 16.0cm; mso-layout-grid-align: none; text-autospace: none; margin: 0cm -.3pt 2.9pt 0cm;\"><span lang=\"EN-US\" style=\"font-size: 14.0pt; mso-ansi-language: EN-US;\"> Osoite:<\/span><\/p>\n<\/td>\n<td style=\"width: 368.25pt; border-top: none; border-left: none; border-bottom: solid windowtext 1.0pt; border-right: solid windowtext 1.0pt; mso-border-top-alt: solid windowtext .75pt; mso-border-left-alt: solid windowtext .75pt; mso-border-alt: solid windowtext .75pt; padding: 0cm 5.4pt 0cm 5.4pt;\" valign=\"top\" width=\"368\">\n<p class=\"MsoNormal\" style=\"mso-pagination: none; tab-stops: 0cm 64.8pt 129.6pt 194.4pt 259.2pt 324.0pt 388.8pt 16.0cm; mso-layout-grid-align: none; text-autospace: none; margin: 0cm -.3pt 2.9pt 0cm;\"><span lang=\"EN-US\" style=\"font-size: 14.0pt; mso-ansi-language: EN-US;\">Lautamiehentie 7, 63300 ALAVUS<\/span><\/p>\n<p class=\"MsoNormal\" style=\"mso-pagination: none; tab-stops: 0cm 64.8pt 129.6pt 194.4pt 259.2pt 324.0pt 388.8pt 16.0cm; mso-layout-grid-align: none; text-autospace: none; margin: 0cm -.3pt 2.9pt 0cm;\"><span lang=\"EN-US\" style=\"font-size: 14.0pt; mso-ansi-language: EN-US;\"><a href=\"mailto:jorma.lamminmaki@pp.inet.fi\"><span style=\"color: blue;\">lamminmaki.jorma@gmail.com<\/span><\/a><\/span><\/p>\n<p class=\"MsoNormal\" style=\"mso-pagination: none; tab-stops: 0cm 64.8pt 129.6pt 194.4pt 259.2pt 324.0pt 388.8pt 16.0cm; mso-layout-grid-align: none; text-autospace: none; margin: 0cm -.3pt 2.9pt 0cm;\"><span lang=\"EN-US\" style=\"font-size: 14.0pt; mso-ansi-language: EN-US;\">puh 0400-410513<\/span><\/p>\n<\/td>\n<\/tr>\n<tr style=\"mso-yfti-irow: 2;\">\n<td style=\"width: 142.05pt; border-top: none; border-left: solid windowtext 1.0pt; border-bottom: solid #BFBFBF 1.0pt; border-right: solid windowtext 1.0pt; mso-border-top-alt: solid windowtext .75pt; mso-border-alt: solid windowtext .75pt; mso-border-bottom-alt: solid #BFBFBF 1.0pt; padding: 0cm 5.4pt 0cm 5.4pt;\" valign=\"top\" width=\"142\">\n<p class=\"MsoNormal\" style=\"mso-pagination: none; tab-stops: 0cm 64.8pt 129.6pt 194.4pt 259.2pt 324.0pt 388.8pt 16.0cm; mso-layout-grid-align: none; text-autospace: none; margin: 0cm -.3pt 2.9pt 0cm;\"><span lang=\"EN-US\" style=\"font-size: 14.0pt; mso-ansi-language: EN-US;\">2. Rekisteriasioista vastaava henkil\u00f6 ja\/tai yhteyshenkil\u00f6:<\/span><\/p>\n<\/td>\n<td style=\"width: 368.25pt; border-top: none; border-left: none; border-bottom: solid windowtext 1.0pt; border-right: solid windowtext 1.0pt; mso-border-top-alt: solid windowtext .75pt; mso-border-left-alt: solid windowtext .75pt; mso-border-alt: solid windowtext .75pt; padding: 0cm 5.4pt 0cm 5.4pt;\" valign=\"top\" width=\"368\">\n<p class=\"MsoNormal\" style=\"mso-pagination: none; tab-stops: 0cm 64.8pt 129.6pt 194.4pt 259.2pt 324.0pt 388.8pt 16.0cm; mso-layout-grid-align: none; text-autospace: none; margin: 0cm -.3pt 2.9pt 0cm;\"><span lang=\"EN-US\" style=\"font-size: 14.0pt; mso-ansi-language: EN-US;\">Jorma Lamminm\u00e4ki<\/span><\/p>\n<\/td>\n<\/tr>\n<tr style=\"mso-yfti-irow: 3;\">\n<td style=\"width: 142.05pt; border: solid windowtext 1.0pt; border-top: none; mso-border-top-alt: solid #BFBFBF 1.0pt; mso-border-alt: solid windowtext .75pt; padding: 0cm 5.4pt 0cm 5.4pt;\" valign=\"top\" width=\"142\"><\/td>\n<td style=\"width: 368.25pt; border-top: none; border-left: none; border-bottom: solid windowtext 1.0pt; border-right: solid windowtext 1.0pt; mso-border-top-alt: solid windowtext .75pt; mso-border-left-alt: solid windowtext .75pt; mso-border-alt: solid windowtext .75pt; padding: 0cm 5.4pt 0cm 5.4pt;\" valign=\"top\" width=\"368\">\n<p class=\"MsoNormal\" style=\"margin-right: -.3pt; mso-pagination: none; tab-stops: 0cm 64.8pt 129.6pt 194.4pt 259.2pt 324.0pt 388.8pt 16.0cm; mso-layout-grid-align: none; text-autospace: none;\"><span lang=\"EN-US\" style=\"font-size: 14.0pt; mso-ansi-language: EN-US;\">Yhteystiedot kuten yll\u00e4<br \/>\n<\/span><\/p>\n<p class=\"MsoNormal\" style=\"margin-right: -.3pt; mso-pagination: none; tab-stops: 0cm 64.8pt 129.6pt 194.4pt 259.2pt 324.0pt 388.8pt 16.0cm; mso-layout-grid-align: none; text-autospace: none;\">\n<\/td>\n<\/tr>\n<tr style=\"mso-yfti-irow: 4;\">\n<td style=\"width: 142.05pt; border: solid windowtext 1.0pt; border-top: none; mso-border-top-alt: solid windowtext .75pt; mso-border-alt: solid windowtext .75pt; padding: 0cm 5.4pt 0cm 5.4pt;\" valign=\"top\" width=\"142\">\n<p class=\"MsoNormal\" style=\"mso-pagination: none; tab-stops: 0cm 64.8pt 129.6pt 194.4pt 259.2pt 324.0pt 388.8pt 16.0cm; mso-layout-grid-align: none; text-autospace: none; margin: 0cm -.3pt 2.9pt 0cm;\"><span lang=\"EN-US\" style=\"font-size: 14.0pt; mso-ansi-language: EN-US;\">3. Rekisterin nimi:<\/span><\/p>\n<\/td>\n<td style=\"width: 368.25pt; border-top: none; border-left: none; border-bottom: solid windowtext 1.0pt; border-right: solid windowtext 1.0pt; mso-border-top-alt: solid windowtext .75pt; mso-border-left-alt: solid windowtext .75pt; mso-border-alt: solid windowtext .75pt; padding: 0cm 5.4pt 0cm 5.4pt;\" valign=\"top\" width=\"368\">\n<p class=\"MsoNormal\" style=\"margin-right: -.3pt; mso-pagination: none; tab-stops: 0cm 64.8pt 129.6pt 194.4pt 259.2pt 324.0pt 388.8pt 16.0cm; mso-layout-grid-align: none; text-autospace: none;\"><span lang=\"EN-US\" style=\"font-size: 14.0pt; mso-ansi-language: EN-US;\">Jorma Lamminm\u00e4en ja Pyylammin sukuseuran sukututkimus rekisteri. Sis\u00e4lt\u00e4en sukututkimukseen liittyvi\u00e4 tietoja.<\/span><\/p>\n<\/td>\n<\/tr>\n<tr style=\"mso-yfti-irow: 5; mso-yfti-lastrow: yes;\">\n<td style=\"width: 142.05pt; border: solid windowtext 1.0pt; border-top: none; mso-border-top-alt: solid windowtext .75pt; mso-border-alt: solid windowtext .75pt; padding: 0cm 5.4pt 0cm 5.4pt;\" valign=\"top\" width=\"142\">\n<p class=\"MsoNormal\" style=\"margin-right: -.3pt; mso-pagination: none; tab-stops: 0cm 64.8pt 129.6pt 194.4pt 259.2pt 324.0pt 388.8pt 16.0cm; mso-layout-grid-align: none; text-autospace: none;\"><span lang=\"EN-US\" style=\"font-size: 14.0pt; mso-ansi-language: EN-US;\">4. Henkil\u00f6tietojen k\u00e4sittelyn tarkoitus \/ rekisterin k\u00e4ytt\u00f6tarkoitus:<\/span><\/p>\n<\/td>\n<td style=\"width: 368.25pt; border-top: none; border-left: none; border-bottom: solid windowtext 1.0pt; border-right: solid windowtext 1.0pt; mso-border-top-alt: solid windowtext .75pt; mso-border-left-alt: solid windowtext .75pt; mso-border-alt: solid windowtext .75pt; padding: 0cm 5.4pt 0cm 5.4pt;\" valign=\"top\" width=\"368\">\n<p class=\"MsoNormal\" style=\"margin-right: -.3pt; mso-pagination: none; tab-stops: 0cm 64.8pt 129.6pt 194.4pt 259.2pt 324.0pt 388.8pt 16.0cm; mso-layout-grid-align: none; text-autospace: none;\"><span lang=\"EN-US\" style=\"font-size: 14.0pt; mso-ansi-language: EN-US;\">Sukututkimus, k\u00e4ytt\u00e4en tietoja sukututkimukseen ja sukukirjojen julkaisemiseen sek\u00e4 yhteyden pitoon rekisteriss\u00e4 olevien henkil\u00f6iden kanssa.<\/span><\/p>\n<p class=\"MsoNormal\" style=\"margin-right: -.3pt; mso-pagination: none; tab-stops: 0cm 64.8pt 129.6pt 194.4pt 259.2pt 324.0pt 388.8pt 16.0cm; mso-layout-grid-align: none; text-autospace: none;\">\n<\/td>\n<\/tr>\n<\/tbody>\n<\/table>\n<table class=\"MsoNormalTable\" style=\"border-collapse: collapse; mso-table-layout-alt: fixed; border: none; mso-border-top-alt: solid #BFBFBF .75pt; mso-border-left-alt: solid #BFBFBF .75pt; mso-border-right-alt: solid #BFBFBF .75pt; mso-padding-alt: 0cm 5.4pt 0cm 5.4pt;\" border=\"1\" cellspacing=\"0\" cellpadding=\"0\">\n<tbody>\n<tr style=\"mso-yfti-irow: 0; mso-yfti-firstrow: yes;\">\n<td style=\"width: 5.0cm; border: solid #BFBFBF 1.0pt; mso-border-alt: solid #BFBFBF .75pt; padding: 0cm 5.4pt 0cm 5.4pt;\" valign=\"top\" width=\"142\">\n<p class=\"MsoNormal\" style=\"margin-right: -.3pt; mso-pagination: none; mso-layout-grid-align: none; text-autospace: none;\"><span style=\"font-size: 14.0pt; mso-ansi-language: EN-US;\">5. Rekisterin tietosis\u00e4lt\u00f6:<br \/>\n<\/span><\/p>\n<\/td>\n<td style=\"width: 13.0cm; border: solid #BFBFBF 1.0pt; border-left: none; mso-border-left-alt: solid #BFBFBF .75pt; mso-border-alt: solid #BFBFBF .75pt; padding: 0cm 5.4pt 0cm 5.4pt;\" valign=\"top\" width=\"369\">\n<p class=\"MsoNormal\" style=\"margin-right: -.3pt; mso-pagination: none; tab-stops: 0cm 64.8pt 129.6pt 194.4pt 259.2pt 324.0pt 388.8pt 16.0cm; mso-layout-grid-align: none; text-autospace: none;\"><span lang=\"EN-US\" style=\"font-size: 14.0pt; mso-ansi-language: EN-US;\">Normaalit sukututkimukseen liittyv\u00e4t henkil\u00f6tiedot, el\u00e4m\u00e4nkertotiedot, yhteystiedot jne<\/span><\/p>\n<\/td>\n<\/tr>\n<tr style=\"mso-yfti-irow: 1;\">\n<td style=\"width: 5.0cm; border: solid #BFBFBF 1.0pt; border-top: none; mso-border-top-alt: solid #BFBFBF .75pt; mso-border-alt: solid #BFBFBF .75pt; padding: 0cm 5.4pt 0cm 5.4pt;\" valign=\"top\" width=\"142\">\n<p class=\"MsoNormal\" style=\"margin-right: -.3pt; mso-pagination: none; tab-stops: 0cm 64.8pt 129.6pt 194.4pt 259.2pt 324.0pt 388.8pt 16.0cm; mso-layout-grid-align: none; text-autospace: none;\"><span lang=\"EN-US\" style=\"font-size: 14.0pt; mso-ansi-language: EN-US;\">6. S\u00e4\u00e4nn\u00f6nmukaiset tietol\u00e4hteet:<\/span><\/p>\n<\/td>\n<td style=\"width: 13.0cm; border-top: none; border-left: none; border-bottom: solid #BFBFBF 1.0pt; border-right: solid #BFBFBF 1.0pt; mso-border-top-alt: solid #BFBFBF .75pt; mso-border-left-alt: solid #BFBFBF .75pt; mso-border-alt: solid #BFBFBF .75pt; padding: 0cm 5.4pt 0cm 5.4pt;\" valign=\"top\" width=\"369\">\n<p class=\"MsoNormal\" style=\"margin-right: -.3pt; mso-pagination: none; tab-stops: 0cm 64.8pt 129.6pt 194.4pt 259.2pt 324.0pt 388.8pt 16.0cm; mso-layout-grid-align: none; text-autospace: none;\"><span lang=\"EN-US\" style=\"font-size: 14.0pt; mso-ansi-language: EN-US;\">Kirkonkirjat, virkatodistukset seurakunnilta ja maistraateilta, sanomalehdet, sukukirjat, matrikkelit, henkil\u00f6iden itse antamat tiedot, l\u00e4heisten antamat tiedot jne.<\/span><\/p>\n<\/td>\n<\/tr>\n<tr style=\"mso-yfti-irow: 2;\">\n<td style=\"width: 5.0cm; border: solid #BFBFBF 1.0pt; border-top: none; mso-border-top-alt: solid #BFBFBF .75pt; mso-border-alt: solid #BFBFBF .75pt; padding: 0cm 5.4pt 0cm 5.4pt;\" valign=\"top\" width=\"142\">\n<p class=\"MsoNormal\" style=\"margin-right: -.3pt; mso-pagination: none; tab-stops: 0cm 64.8pt 129.6pt 194.4pt 259.2pt 324.0pt 388.8pt 16.0cm; mso-layout-grid-align: none; text-autospace: none;\"><span lang=\"EN-US\" style=\"font-size: 14.0pt; mso-ansi-language: EN-US;\">7. S\u00e4\u00e4nn\u00f6nmukaiset tietojen luovutukset:<\/span><\/p>\n<\/td>\n<td style=\"width: 13.0cm; border-top: none; border-left: none; border-bottom: solid #BFBFBF 1.0pt; border-right: solid #BFBFBF 1.0pt; mso-border-top-alt: solid #BFBFBF .75pt; mso-border-left-alt: solid #BFBFBF .75pt; mso-border-alt: solid #BFBFBF .75pt; padding: 0cm 5.4pt 0cm 5.4pt;\" valign=\"top\" width=\"369\">\n<p class=\"MsoNormal\" style=\"margin-right: -.3pt; mso-pagination: none; tab-stops: 0cm 64.8pt 129.6pt 194.4pt 259.2pt 324.0pt 388.8pt 16.0cm; mso-layout-grid-align: none; text-autospace: none;\"><span lang=\"EN-US\" style=\"font-size: 14.0pt; mso-ansi-language: EN-US;\">Ei yleens\u00e4, muutoin kuin valmiiden sukukirjojen muodossa<\/span><\/p>\n<\/td>\n<\/tr>\n<tr style=\"mso-yfti-irow: 3; mso-yfti-lastrow: yes;\">\n<td style=\"width: 5.0cm; border: solid #BFBFBF 1.0pt; border-top: none; mso-border-top-alt: solid #BFBFBF .75pt; mso-border-alt: solid #BFBFBF .75pt; padding: 0cm 5.4pt 0cm 5.4pt;\" valign=\"top\" width=\"142\">\n<p class=\"MsoNormal\" style=\"margin-right: -.3pt; mso-pagination: none; tab-stops: 0cm 64.8pt 129.6pt 194.4pt 259.2pt 324.0pt 388.8pt 16.0cm; mso-layout-grid-align: none; text-autospace: none;\"><span lang=\"EN-US\" style=\"font-size: 14.0pt; mso-ansi-language: EN-US;\">8. Rekisterin suojauksen periaatteet<\/span><\/p>\n<p class=\"MsoNormal\" style=\"margin-right: -.3pt; mso-pagination: none; tab-stops: 0cm 64.8pt 129.6pt 194.4pt 259.2pt 324.0pt 388.8pt 16.0cm; mso-layout-grid-align: none; text-autospace: none;\">\n<\/td>\n<td style=\"width: 13.0cm; border-top: none; border-left: none; border-bottom: solid #BFBFBF 1.0pt; border-right: solid #BFBFBF 1.0pt; mso-border-top-alt: solid #BFBFBF .75pt; mso-border-left-alt: solid #BFBFBF .75pt; mso-border-alt: solid #BFBFBF .75pt; padding: 0cm 5.4pt 0cm 5.4pt;\" valign=\"top\" width=\"369\">\n<p class=\"MsoNormal\" style=\"margin-right: -.3pt; mso-pagination: none; tab-stops: 0cm 64.8pt 129.6pt 194.4pt 259.2pt 324.0pt 388.8pt 16.0cm; mso-layout-grid-align: none; text-autospace: none;\"><span lang=\"EN-US\" style=\"font-size: 14.0pt; mso-ansi-language: EN-US;\">Tietokone, sukutiedosto salasanan takana ja koti arkisto<\/span><\/p>\n<p class=\"MsoNormal\" style=\"margin-right: -.3pt; mso-pagination: none; tab-stops: 0cm 64.8pt 129.6pt 194.4pt 259.2pt 324.0pt 388.8pt 16.0cm; mso-layout-grid-align: none; text-autospace: none;\"><span lang=\"EN-US\" style=\"font-size: 14.0pt; mso-ansi-language: EN-US;\">Vain rekisterin pit\u00e4j\u00e4 k\u00e4ytt\u00e4\u00e4.<\/span><\/p>\n<\/td>\n<\/tr>\n<\/tbody>\n<\/table>\n<p class=\"MsoNormal\" style=\"margin-right: -.3pt; mso-pagination: none; mso-layout-grid-align: none; text-autospace: none;\">\u00a0<span style=\"font-size: 12.0pt; mso-ansi-language: EN-US;\">* HetiL 10 \u00a7 ei edellyt\u00e4 nimenomaisesti tiedon merkitsemist\u00e4, mutta se on tarkoituksenmukaista merkit\u00e4\u2028 rekister\u00f6ityjen tiedonsaantioikeuksien kannalta.Se my\u00f6s kuvaa osaltaan rekisterin tietosis\u00e4lt\u00f6\u00e4.<\/span><\/p>\n<p class=\"MsoNormal\" style=\"margin-right: -.3pt; mso-pagination: none; mso-layout-grid-align: none; text-autospace: none;\"><span lang=\"EN-US\" style=\"font-size: 11.0pt; font-family: Arial; mso-ansi-language: EN-US;\">TIETOSUOJAVALTUUTETUN TOIMISTO MALLILOMAKE 25.11.2004 puh. 010 36 66700 (vaihde) puh. 010 36 16670 (neuvonta klo 9.00 \u2013 15.00) telefax 010 36 66735 <\/span> <span lang=\"EN-US\" style=\"font-size: 11.0pt; mso-ansi-language: EN-US;\">www.tietosuoja.fi<\/span><\/p>\n<hr \/>\n<p style=\"margin-right: -.3pt; mso-pagination: none; tab-stops: 0cm 64.8pt 129.6pt 194.4pt 259.2pt 324.0pt 388.8pt 16.0cm; mso-layout-grid-align: none; text-autospace: none;\"><span style=\"font-size: 14.0pt; mso-ansi-language: EN-US;\">Pyylammin sukuseura ry:n j\u00e4senluettelo :<br \/>\n<\/span><\/p>\n<p>Pyylammin sukuseura ry:n\u00a0 j\u00e4senluettelossa on seuraavat tiedot:<\/p>\n<p>J\u00e4senen nimi, osoite s\u00e4hk\u00f6postiosoite, puhelinnumero sek\u00e4 tiedot j\u00e4senmaksuista.<\/p>\n<p>Tiedot ovat ainoastaan tapahtumien tiedottamiseen seuran j\u00e4senist\u00f6lle, j\u00e4senmaksujen laskutukseen ja perint\u00e4\u00e4n.Tietoja ei\u00a0 luovuteta ulkopuolisille.<\/p>\n<p>J\u00e4senluettelo on s\u00e4hk\u00f6isess\u00e4 muodossa puheenjohtajan tietokoneella salasanalla suojattuna<\/p>\n<p>J\u00e4senet saavat tietonsa osoitteesta:<\/p>\n<p style=\"margin-right: -.3pt; mso-pagination: none; tab-stops: 0cm 64.8pt 129.6pt 194.4pt 259.2pt 324.0pt 388.8pt 16.0cm; mso-layout-grid-align: none; text-autospace: none;\">Pentti Pyylampi, Korpikoskentie 1, 60200 Sein\u00e4joki<\/p>\n<p style=\"margin-right: -.3pt; mso-pagination: none; tab-stops: 0cm 64.8pt 129.6pt 194.4pt 259.2pt 324.0pt 388.8pt 16.0cm; mso-layout-grid-align: none; text-autospace: none;\">puh 0400 426861<\/p>\n<p style=\"margin-right: -.3pt; mso-pagination: none; tab-stops: 0cm 64.8pt 129.6pt 194.4pt 259.2pt 324.0pt 388.8pt 16.0cm; mso-layout-grid-align: none; text-autospace: none;\">penttipyylampi@gmail.com<\/p>\n<hr \/>\n<p><!--StartFragment--><!--EndFragment--><\/p>\n","protected":false},"excerpt":{"rendered":"<p>\u00a0 Henkil\u00f6tietolaki (523\/99) 10 \u00a7 Laatimispvm: 26.2.2005\/3.1.2016 1. Rekisterinpit\u00e4j\u00e4: Sukututkimus Jorma Lamminm\u00e4ki sek\u00e4 Alavuden Pyylammin sukuseura ry. Osoite: Lautamiehentie 7, 63300 ALAVUS lamminmaki.jorma@gmail.com puh 0400-410513 2. Rekisteriasioista vastaava henkil\u00f6 ja\/tai yhteyshenkil\u00f6: Jorma Lamminm\u00e4ki Yhteystiedot kuten yll\u00e4 3. Rekisterin nimi: Jorma &hellip; <a href=\"https:\/\/www.pyylampi.org\/portaali\/rekisteriseloste\/\">Lue loppuun <span class=\"meta-nav\">&rarr;<\/span><\/a><\/p>\n","protected":false},"author":1,"featured_media":0,"parent":0,"menu_order":0,"comment_status":"closed","ping_status":"closed","template":"","meta":{"footnotes":""},"class_list":["post-52","page","type-page","status-publish","hentry"],"_links":{"self":[{"href":"https:\/\/www.pyylampi.org\/portaali\/wp-json\/wp\/v2\/pages\/52","targetHints":{"allow":["GET"]}}],"collection":[{"href":"https:\/\/www.pyylampi.org\/portaali\/wp-json\/wp\/v2\/pages"}],"about":[{"href":"https:\/\/www.pyylampi.org\/portaali\/wp-json\/wp\/v2\/types\/page"}],"author":[{"embeddable":true,"href":"https:\/\/www.pyylampi.org\/portaali\/wp-json\/wp\/v2\/users\/1"}],"replies":[{"embeddable":true,"href":"https:\/\/www.pyylampi.org\/portaali\/wp-json\/wp\/v2\/comments?post=52"}],"version-history":[{"count":10,"href":"https:\/\/www.pyylampi.org\/portaali\/wp-json\/wp\/v2\/pages\/52\/revisions"}],"predecessor-version":[{"id":184,"href":"https:\/\/www.pyylampi.org\/portaali\/wp-json\/wp\/v2\/pages\/52\/revisions\/184"}],"wp:attachment":[{"href":"https:\/\/www.pyylampi.org\/portaali\/wp-json\/wp\/v2\/media?parent=52"}],"curies":[{"name":"wp","href":"https:\/\/api.w.org\/{rel}","templated":true}]}}